{"id":44,"date":"2017-10-27T22:07:27","date_gmt":"2017-10-27T20:07:27","guid":{"rendered":"http:\/\/kinderhaus-passau.de\/wordpress\/?page_id=44"},"modified":"2024-02-07T10:56:21","modified_gmt":"2024-02-07T09:56:21","slug":"paedagogik","status":"publish","type":"page","link":"http:\/\/kinderhaus-passau.de\/wordpress\/paedagogik\/","title":{"rendered":"P\u00e4dagogik"},"content":{"rendered":"<div id=\"pl-44\"  class=\"panel-layout\" ><div id=\"pg-44-0\"  class=\"panel-grid panel-no-style\" ><div id=\"pgc-44-0-0\"  class=\"panel-grid-cell\" ><div id=\"panel-44-0-0-0\" class=\"so-panel widget widget_sow-editor panel-first-child panel-last-child\" data-index=\"0\" ><div class=\"panel-widget-style panel-widget-style-for-44-0-0-0\" ><div\n\t\t\t\n\t\t\tclass=\"so-widget-sow-editor so-widget-sow-editor-base\"\n\t\t\t\n\t\t>\n<div class=\"siteorigin-widget-tinymce textwidget\">\n\t<p style=\"text-align: left;\"><strong>\"Hilf mir, es selbst zu tun. Zeige mir, wie es geht. Tu es nicht f\u00fcr mich. Ich kann und will es allein tun. Hab Geduld, meine Wege zu begreifen. Sie sind vielleicht l\u00e4nger, vielleicht brauche ich mehr Zeit, weil ich mehrere Versuche machen will. Mute mir Fehler und Anstrengungen zu, denn daraus kann ich lernen.\"<\/strong><\/p>\n<p style=\"text-align: left;\">Maria Montessori<\/p>\n<p><span style=\"font-weight: 400;\">Wir arbeiten nach den Grunds\u00e4tzen der italienischen \u00c4rztin und Reformp\u00e4dagogin Maria Montessori. Montessori war \u00fcberzeugt, dass der Weg der Erkenntnis \u00fcber die Selbstt\u00e4tigkeit f\u00fchrt und dass Kinder \u00a0von Anfang an eigenst\u00e4ndige Individuen sind.<\/span><\/p>\n<p><span style=\"font-weight: 400;\">Uns ist es wichtig, die Bed\u00fcrfnisse der Kinder wahrzunehmen, zu verstehen und auf sie einzugehen. Wir wollen, dass sich die Kinder gem\u00e4\u00df ihres \u201cinneren Bauplanes\" entwickeln k\u00f6nnen, um zu Selbstst\u00e4ndigkeit und Eigenverantwortung zu kommen.<\/span><\/p>\n<p><span style=\"font-weight: 400;\">Bei der Arbeit in der Kinderkrippe flie\u00dft auch die Kleinkindp\u00e4dagogik der ungarischen Kinder\u00e4rztin Emmi Pikler mit ein.<\/span><\/p>\n<p><span style=\"font-weight: 400;\">Wir sehen in einer guten Beziehung zum Kind den Schl\u00fcssel zur positiven und ganzheitlichen Erziehung. Ein gleichbleibender Tagesablauf, klare Regeln und vor allem eine sanfte Eingew\u00f6hnung schaffen Vertrauen und geben dem Kind Sicherheit. Derart gest\u00e4rkt kann das Kind Eigenverantwortung f\u00fcr sein Tun \u00fcbernehmen und seine eigenen Potenziale entfalten.<\/span><\/p>\n<p>Maria Montessori (Bildquelle: nl.wikipedia.org)<\/p>\n<\/div>\n<\/div><\/div><\/div><\/div><div id=\"pgc-44-0-1\"  class=\"panel-grid-cell\" ><div id=\"panel-44-0-1-0\" class=\"so-panel widget widget_media_image panel-first-child panel-last-child\" data-index=\"1\" ><img loading=\"lazy\" decoding=\"async\" width=\"1291\" height=\"715\" src=\"http:\/\/kinderhaus-passau.de\/wordpress\/wp-content\/uploads\/2024\/02\/Montessori_maria.png\" class=\"image wp-image-2411  attachment-full size-full\" alt=\"\" style=\"max-width: 100%; height: auto;\" srcset=\"http:\/\/kinderhaus-passau.de\/wordpress\/wp-content\/uploads\/2024\/02\/Montessori_maria.png 1291w, http:\/\/kinderhaus-passau.de\/wordpress\/wp-content\/uploads\/2024\/02\/Montessori_maria-300x166.png 300w, http:\/\/kinderhaus-passau.de\/wordpress\/wp-content\/uploads\/2024\/02\/Montessori_maria-1024x567.png 1024w, http:\/\/kinderhaus-passau.de\/wordpress\/wp-content\/uploads\/2024\/02\/Montessori_maria-768x425.png 768w\" sizes=\"auto, 100vw\" \/><\/div><\/div><\/div><\/div>","protected":false},"excerpt":{"rendered":"<p>&#8222;Hilf mir, es selbst zu tun. Zeige mir, wie es geht. Tu es nicht f\u00fcr mich. Ich kann und will es allein tun. Hab Geduld, meine Wege zu begreifen. Sie sind vielleicht l\u00e4nger, vielleicht brauche ich mehr Zeit, weil ich mehrere Versuche machen will. Mute mir Fehler und Anstrengungen zu, denn daraus kann ich lernen.&#8220; &hellip; <\/p>\n<p class=\"link-more\"><a href=\"http:\/\/kinderhaus-passau.de\/wordpress\/paedagogik\/\" class=\"more-link\"><span class=\"screen-reader-text\">\u201eP\u00e4dagogik\u201c<\/span> weiterlesen<\/a><\/p>\n","protected":false},"author":1,"featured_media":0,"parent":0,"menu_order":0,"comment_status":"closed","ping_status":"closed","template":"","meta":{"footnotes":""},"class_list":["post-44","page","type-page","status-publish","hentry"],"_links":{"self":[{"href":"http:\/\/kinderhaus-passau.de\/wordpress\/wp-json\/wp\/v2\/pages\/44","targetHints":{"allow":["GET"]}}],"collection":[{"href":"http:\/\/kinderhaus-passau.de\/wordpress\/wp-json\/wp\/v2\/pages"}],"about":[{"href":"http:\/\/kinderhaus-passau.de\/wordpress\/wp-json\/wp\/v2\/types\/page"}],"author":[{"embeddable":true,"href":"http:\/\/kinderhaus-passau.de\/wordpress\/wp-json\/wp\/v2\/users\/1"}],"replies":[{"embeddable":true,"href":"http:\/\/kinderhaus-passau.de\/wordpress\/wp-json\/wp\/v2\/comments?post=44"}],"version-history":[{"count":10,"href":"http:\/\/kinderhaus-passau.de\/wordpress\/wp-json\/wp\/v2\/pages\/44\/revisions"}],"predecessor-version":[{"id":2413,"href":"http:\/\/kinderhaus-passau.de\/wordpress\/wp-json\/wp\/v2\/pages\/44\/revisions\/2413"}],"wp:attachment":[{"href":"http:\/\/kinderhaus-passau.de\/wordpress\/wp-json\/wp\/v2\/media?parent=44"}],"curies":[{"name":"wp","href":"https:\/\/api.w.org\/{rel}","templated":true}]}}